{"id":111,"date":"2023-08-18T17:51:16","date_gmt":"2023-08-18T15:51:16","guid":{"rendered":"https:\/\/skola7.sigulda.lv\/?page_id=111"},"modified":"2023-08-23T13:06:33","modified_gmt":"2023-08-23T11:06:33","slug":"programmas","status":"publish","type":"page","link":"https:\/\/skola7.sigulda.lv\/index.php\/programmas\/","title":{"rendered":"Programmas"},"content":{"rendered":"\n<p><strong>Mores pamatskol\u0101 ir licenc\u0113tas un akredit\u0113tas&nbsp;sekojo\u0161as izgl\u012bt\u012bbas programmas:<\/strong><\/p>\n\n\n\n<ul class=\"wp-block-list\">\n<li><strong>Visp\u0101r\u0113j\u0101\u00a0pirmsskolas izgl\u012bt\u012bbas programma<\/strong>, (tr\u012bs da\u017e\u0101d\u0101s vecumam atbilsto\u0161\u0101s grup\u0101s),\u00a0programmas kods<strong> 01011111<\/strong>;<\/li>\n\n\n\n<li><strong>Speci\u0101l\u0101 pirmsskolas izgl\u012bt\u012bbas programma<\/strong> izgl\u012btojamajiem ar jauktiem att\u012bst\u012bbas trauc\u0113jumiem kods <strong>01015611<\/strong>;<\/li>\n\n\n\n<li><strong>Speci\u0101l\u0101s pirmsskolas izgl\u012bt\u012bbas programma<\/strong> izgl\u012btojamajiem ar gar\u012bg\u0101s att\u012bst\u012bbas trauc\u0113jumiem, programmas kods <strong>01015811<\/strong>;<\/li>\n\n\n\n<li><strong>Speci\u0101l\u0101s pirmsskolas izgl\u012bt\u012bbas programma<\/strong> izgl\u012btojamajiem ar smagiem gar\u012bg\u0101s att\u012bst\u012bbas trauc\u0113jumiem vai vair\u0101kiem smagiem att\u012bst\u012bbas trauc\u0113jumiem, programmas kods <strong>01015911<\/strong>;<\/li>\n\n\n\n<li><strong>Visp\u0101r\u0113j\u0101 pamatizgl\u012bt\u012bbas programma<\/strong>, programmas kods <strong>21011111<\/strong>;<\/li>\n\n\n\n<li><strong>Speci\u0101l\u0101s pamatizgl\u012bt\u012bbas programma<\/strong> izgl\u012btojamajiem ar gar\u012bg\u0101s att\u012bst\u012bbas trauc\u0113jumiem, programmas kods <strong>21015811<\/strong>;<\/li>\n\n\n\n<li><strong>Speci\u0101l\u0101s pamatizgl\u012bt\u012bbas programma<\/strong> izgl\u012btojamajiem ar smagiem gar\u012bg\u0101s att\u012bst\u012bbas trauc\u0113jumiem vai vair\u0101kiem smagiem att\u012bst\u012bbas trauc\u0113jumiem, programmas kods <strong>21015911<\/strong>.<\/li>\n\n\n\n<li><strong>Speci\u0101l\u0101s pamatizgl\u012bt\u012bbas programma<\/strong> izgl\u012btojamajiem ar gar\u012bg\u0101s vesel\u012bbas trauc\u0113jumiem, programmas kods <strong>21015711<\/strong>;<\/li>\n\n\n\n<li><strong>Speci\u0101l\u0101s pamatizgl\u012bt\u012bbas programma<\/strong> izgl\u012btojamajiem ar m\u0101c\u012b\u0161an\u0101s trauc\u0113jumiem, programmas kods <strong>21015611<\/strong>;<\/li>\n<\/ul>\n","protected":false},"excerpt":{"rendered":"<p>Mores pamatskol\u0101 ir licenc\u0113tas un akredit\u0113tas&nbsp;sekojo\u0161as izgl\u012bt\u012bbas programmas:<\/p>\n","protected":false},"author":2,"featured_media":0,"parent":0,"menu_order":0,"comment_status":"closed","ping_status":"closed","template":"","meta":{"footnotes":""},"class_list":["post-111","page","type-page","status-publish"],"_links":{"self":[{"href":"https:\/\/skola7.sigulda.lv\/index.php\/wp-json\/wp\/v2\/pages\/111","targetHints":{"allow":["GET"]}}],"collection":[{"href":"https:\/\/skola7.sigulda.lv\/index.php\/wp-json\/wp\/v2\/pages"}],"about":[{"href":"https:\/\/skola7.sigulda.lv\/index.php\/wp-json\/wp\/v2\/types\/page"}],"author":[{"embeddable":true,"href":"https:\/\/skola7.sigulda.lv\/index.php\/wp-json\/wp\/v2\/users\/2"}],"replies":[{"embeddable":true,"href":"https:\/\/skola7.sigulda.lv\/index.php\/wp-json\/wp\/v2\/comments?post=111"}],"version-history":[{"count":2,"href":"https:\/\/skola7.sigulda.lv\/index.php\/wp-json\/wp\/v2\/pages\/111\/revisions"}],"predecessor-version":[{"id":344,"href":"https:\/\/skola7.sigulda.lv\/index.php\/wp-json\/wp\/v2\/pages\/111\/revisions\/344"}],"wp:attachment":[{"href":"https:\/\/skola7.sigulda.lv\/index.php\/wp-json\/wp\/v2\/media?parent=111"}],"curies":[{"name":"wp","href":"https:\/\/api.w.org\/{rel}","templated":true}]}}