{"id":193,"date":"2023-08-18T18:24:06","date_gmt":"2023-08-18T16:24:06","guid":{"rendered":"https:\/\/skola7.sigulda.lv\/?page_id=193"},"modified":"2023-10-26T14:34:12","modified_gmt":"2023-10-26T12:34:12","slug":"foto","status":"publish","type":"page","link":"https:\/\/skola7.sigulda.lv\/index.php\/foto\/","title":{"rendered":"Foto"},"content":{"rendered":"\n<p><strong>Mores skola ruden\u012b. <\/strong><\/p>\n\n\n\n<p><em>Foto Eva Junga<\/em>(<em> dizaina un tehnolo\u0123ijas skolot\u0101ja<\/em>).<\/p>\n\n\n\n<figure class=\"wp-block-gallery has-nested-images columns-default is-cropped wp-block-gallery-1 is-layout-flex wp-block-gallery-is-layout-flex\">\n<figure class=\"wp-block-image size-large\"><img loading=\"lazy\" decoding=\"async\" width=\"1024\" height=\"683\" data-id=\"568\" src=\"https:\/\/skola7.sigulda.lv\/wp-content\/uploads\/2023\/10\/IMG_0125-1024x683.jpg\" alt=\"\" class=\"wp-image-568\" srcset=\"https:\/\/skola7.sigulda.lv\/wp-content\/uploads\/2023\/10\/IMG_0125-1024x683.jpg 1024w, https:\/\/skola7.sigulda.lv\/wp-content\/uploads\/2023\/10\/IMG_0125-300x200.jpg 300w, https:\/\/skola7.sigulda.lv\/wp-content\/uploads\/2023\/10\/IMG_0125-768x512.jpg 768w, https:\/\/skola7.sigulda.lv\/wp-content\/uploads\/2023\/10\/IMG_0125-1536x1024.jpg 1536w, https:\/\/skola7.sigulda.lv\/wp-content\/uploads\/2023\/10\/IMG_0125-2048x1365.jpg 2048w\" sizes=\"auto, (max-width: 1024px) 100vw, 1024px\" \/><\/figure>\n\n\n\n<figure class=\"wp-block-image size-large\"><img loading=\"lazy\" decoding=\"async\" width=\"1024\" height=\"683\" data-id=\"567\" src=\"https:\/\/skola7.sigulda.lv\/wp-content\/uploads\/2023\/10\/IMG_0126-1024x683.jpg\" alt=\"\" class=\"wp-image-567\" srcset=\"https:\/\/skola7.sigulda.lv\/wp-content\/uploads\/2023\/10\/IMG_0126-1024x683.jpg 1024w, https:\/\/skola7.sigulda.lv\/wp-content\/uploads\/2023\/10\/IMG_0126-300x200.jpg 300w, https:\/\/skola7.sigulda.lv\/wp-content\/uploads\/2023\/10\/IMG_0126-768x512.jpg 768w, https:\/\/skola7.sigulda.lv\/wp-content\/uploads\/2023\/10\/IMG_0126-1536x1024.jpg 1536w, https:\/\/skola7.sigulda.lv\/wp-content\/uploads\/2023\/10\/IMG_0126-2048x1365.jpg 2048w\" sizes=\"auto, (max-width: 1024px) 100vw, 1024px\" \/><\/figure>\n\n\n\n<figure class=\"wp-block-image size-large\"><img loading=\"lazy\" decoding=\"async\" width=\"1024\" height=\"683\" data-id=\"566\" src=\"https:\/\/skola7.sigulda.lv\/wp-content\/uploads\/2023\/10\/IMG_0128-1024x683.jpg\" alt=\"\" class=\"wp-image-566\" srcset=\"https:\/\/skola7.sigulda.lv\/wp-content\/uploads\/2023\/10\/IMG_0128-1024x683.jpg 1024w, https:\/\/skola7.sigulda.lv\/wp-content\/uploads\/2023\/10\/IMG_0128-300x200.jpg 300w, https:\/\/skola7.sigulda.lv\/wp-content\/uploads\/2023\/10\/IMG_0128-768x512.jpg 768w, https:\/\/skola7.sigulda.lv\/wp-content\/uploads\/2023\/10\/IMG_0128-1536x1024.jpg 1536w, https:\/\/skola7.sigulda.lv\/wp-content\/uploads\/2023\/10\/IMG_0128-2048x1365.jpg 2048w\" sizes=\"auto, (max-width: 1024px) 100vw, 1024px\" \/><\/figure>\n\n\n\n<figure class=\"wp-block-image size-large\"><img loading=\"lazy\" decoding=\"async\" width=\"1024\" height=\"683\" data-id=\"565\" src=\"https:\/\/skola7.sigulda.lv\/wp-content\/uploads\/2023\/10\/IMG_0130-1024x683.jpg\" alt=\"\" class=\"wp-image-565\" srcset=\"https:\/\/skola7.sigulda.lv\/wp-content\/uploads\/2023\/10\/IMG_0130-1024x683.jpg 1024w, https:\/\/skola7.sigulda.lv\/wp-content\/uploads\/2023\/10\/IMG_0130-300x200.jpg 300w, https:\/\/skola7.sigulda.lv\/wp-content\/uploads\/2023\/10\/IMG_0130-768x512.jpg 768w, https:\/\/skola7.sigulda.lv\/wp-content\/uploads\/2023\/10\/IMG_0130-1536x1024.jpg 1536w, https:\/\/skola7.sigulda.lv\/wp-content\/uploads\/2023\/10\/IMG_0130-2048x1365.jpg 2048w\" sizes=\"auto, (max-width: 1024px) 100vw, 1024px\" \/><\/figure>\n\n\n\n<figure class=\"wp-block-image size-large\"><img loading=\"lazy\" decoding=\"async\" width=\"1024\" height=\"683\" data-id=\"564\" src=\"https:\/\/skola7.sigulda.lv\/wp-content\/uploads\/2023\/10\/IMG_0134-1024x683.jpg\" alt=\"\" class=\"wp-image-564\" srcset=\"https:\/\/skola7.sigulda.lv\/wp-content\/uploads\/2023\/10\/IMG_0134-1024x683.jpg 1024w, https:\/\/skola7.sigulda.lv\/wp-content\/uploads\/2023\/10\/IMG_0134-300x200.jpg 300w, https:\/\/skola7.sigulda.lv\/wp-content\/uploads\/2023\/10\/IMG_0134-768x512.jpg 768w, https:\/\/skola7.sigulda.lv\/wp-content\/uploads\/2023\/10\/IMG_0134-1536x1024.jpg 1536w, https:\/\/skola7.sigulda.lv\/wp-content\/uploads\/2023\/10\/IMG_0134-2048x1365.jpg 2048w\" sizes=\"auto, (max-width: 1024px) 100vw, 1024px\" \/><\/figure>\n\n\n\n<figure class=\"wp-block-image size-large\"><img loading=\"lazy\" decoding=\"async\" width=\"1024\" height=\"683\" data-id=\"563\" src=\"https:\/\/skola7.sigulda.lv\/wp-content\/uploads\/2023\/10\/IMG_0133-1024x683.jpg\" alt=\"\" class=\"wp-image-563\" srcset=\"https:\/\/skola7.sigulda.lv\/wp-content\/uploads\/2023\/10\/IMG_0133-1024x683.jpg 1024w, https:\/\/skola7.sigulda.lv\/wp-content\/uploads\/2023\/10\/IMG_0133-300x200.jpg 300w, https:\/\/skola7.sigulda.lv\/wp-content\/uploads\/2023\/10\/IMG_0133-768x512.jpg 768w, https:\/\/skola7.sigulda.lv\/wp-content\/uploads\/2023\/10\/IMG_0133-1536x1024.jpg 1536w, https:\/\/skola7.sigulda.lv\/wp-content\/uploads\/2023\/10\/IMG_0133-2048x1365.jpg 2048w\" sizes=\"auto, (max-width: 1024px) 100vw, 1024px\" \/><\/figure>\n<\/figure>\n\n\n\n<p><strong>Mores pamatskolas skol\u0113nu komanda \u201cGadalaiki\u201d jau otro gadu piedal\u012bj\u0101s konkurs\u0101 \u201c\u0160odien laukos\u201d.<\/strong><\/p>\n\n\n\n<div class=\"wp-block-group is-nowrap is-layout-flex wp-container-core-group-is-layout-ad2f72ca wp-block-group-is-layout-flex\">\n<div class=\"wp-block-columns is-layout-flex wp-container-core-columns-is-layout-9d6595d7 wp-block-columns-is-layout-flex\">\n<div class=\"wp-block-column is-layout-flow wp-block-column-is-layout-flow\" style=\"flex-basis:100%\">\n<figure class=\"wp-block-gallery aligncenter has-nested-images columns-default is-cropped wp-block-gallery-2 is-layout-flex wp-block-gallery-is-layout-flex\">\n<figure class=\"wp-block-image size-large\"><img loading=\"lazy\" decoding=\"async\" width=\"768\" height=\"1024\" data-id=\"464\" src=\"https:\/\/skola7.sigulda.lv\/wp-content\/uploads\/2023\/08\/369180369_826722639065461_2490693612976502554_n-768x1024.jpg\" alt=\"\" class=\"wp-image-464\" srcset=\"https:\/\/skola7.sigulda.lv\/wp-content\/uploads\/2023\/08\/369180369_826722639065461_2490693612976502554_n-768x1024.jpg 768w, https:\/\/skola7.sigulda.lv\/wp-content\/uploads\/2023\/08\/369180369_826722639065461_2490693612976502554_n-225x300.jpg 225w, https:\/\/skola7.sigulda.lv\/wp-content\/uploads\/2023\/08\/369180369_826722639065461_2490693612976502554_n-1152x1536.jpg 1152w, https:\/\/skola7.sigulda.lv\/wp-content\/uploads\/2023\/08\/369180369_826722639065461_2490693612976502554_n.jpg 1536w\" sizes=\"auto, (max-width: 768px) 100vw, 768px\" \/><\/figure>\n\n\n\n<figure class=\"wp-block-image size-large\"><img loading=\"lazy\" decoding=\"async\" width=\"768\" height=\"1024\" data-id=\"465\" src=\"https:\/\/skola7.sigulda.lv\/wp-content\/uploads\/2023\/08\/369176269_826722695732122_9023495169255616679_n-768x1024.jpg\" alt=\"\" class=\"wp-image-465\" srcset=\"https:\/\/skola7.sigulda.lv\/wp-content\/uploads\/2023\/08\/369176269_826722695732122_9023495169255616679_n-768x1023.jpg 768w, https:\/\/skola7.sigulda.lv\/wp-content\/uploads\/2023\/08\/369176269_826722695732122_9023495169255616679_n-225x300.jpg 225w, https:\/\/skola7.sigulda.lv\/wp-content\/uploads\/2023\/08\/369176269_826722695732122_9023495169255616679_n-1153x1536.jpg 1153w, https:\/\/skola7.sigulda.lv\/wp-content\/uploads\/2023\/08\/369176269_826722695732122_9023495169255616679_n.jpg 1200w\" sizes=\"auto, (max-width: 768px) 100vw, 768px\" \/><\/figure>\n\n\n\n<figure class=\"wp-block-image size-large\"><img loading=\"lazy\" decoding=\"async\" width=\"1024\" height=\"768\" data-id=\"466\" src=\"https:\/\/skola7.sigulda.lv\/wp-content\/uploads\/2023\/08\/369185454_826722725732119_615081692850978820_n-1024x768.jpg\" alt=\"\" class=\"wp-image-466\" srcset=\"https:\/\/skola7.sigulda.lv\/wp-content\/uploads\/2023\/08\/369185454_826722725732119_615081692850978820_n-1024x768.jpg 1024w, https:\/\/skola7.sigulda.lv\/wp-content\/uploads\/2023\/08\/369185454_826722725732119_615081692850978820_n-300x225.jpg 300w, https:\/\/skola7.sigulda.lv\/wp-content\/uploads\/2023\/08\/369185454_826722725732119_615081692850978820_n-768x576.jpg 768w, https:\/\/skola7.sigulda.lv\/wp-content\/uploads\/2023\/08\/369185454_826722725732119_615081692850978820_n-1536x1152.jpg 1536w, https:\/\/skola7.sigulda.lv\/wp-content\/uploads\/2023\/08\/369185454_826722725732119_615081692850978820_n.jpg 2048w\" sizes=\"auto, (max-width: 1024px) 100vw, 1024px\" \/><\/figure>\n\n\n\n<figure class=\"wp-block-image size-large\"><img loading=\"lazy\" decoding=\"async\" width=\"1024\" height=\"768\" data-id=\"467\" src=\"https:\/\/skola7.sigulda.lv\/wp-content\/uploads\/2023\/08\/369154380_826722592398799_4562255160349617028_n-1-1024x768.jpg\" alt=\"\" class=\"wp-image-467\" srcset=\"https:\/\/skola7.sigulda.lv\/wp-content\/uploads\/2023\/08\/369154380_826722592398799_4562255160349617028_n-1-1024x768.jpg 1024w, https:\/\/skola7.sigulda.lv\/wp-content\/uploads\/2023\/08\/369154380_826722592398799_4562255160349617028_n-1-300x225.jpg 300w, https:\/\/skola7.sigulda.lv\/wp-content\/uploads\/2023\/08\/369154380_826722592398799_4562255160349617028_n-1-768x576.jpg 768w, https:\/\/skola7.sigulda.lv\/wp-content\/uploads\/2023\/08\/369154380_826722592398799_4562255160349617028_n-1-1536x1152.jpg 1536w, https:\/\/skola7.sigulda.lv\/wp-content\/uploads\/2023\/08\/369154380_826722592398799_4562255160349617028_n-1.jpg 2048w\" sizes=\"auto, (max-width: 1024px) 100vw, 1024px\" \/><\/figure>\n<\/figure>\n<\/div>\n<\/div>\n<\/div>\n\n\n\n<p><strong>16. j\u016bnij\u0101 11 skol\u0113ni absolv\u0113ja Mores pamatskolu.<\/strong><\/p>\n\n\n\n<figure class=\"wp-block-gallery has-nested-images columns-default is-cropped wp-block-gallery-3 is-layout-flex wp-block-gallery-is-layout-flex\">\n<figure class=\"wp-block-image size-large\"><img loading=\"lazy\" decoding=\"async\" width=\"1024\" height=\"683\" data-id=\"470\" src=\"https:\/\/skola7.sigulda.lv\/wp-content\/uploads\/2023\/08\/354440989_788170699587322_2227027360084685448_n-1024x683.jpg\" alt=\"\" class=\"wp-image-470\" srcset=\"https:\/\/skola7.sigulda.lv\/wp-content\/uploads\/2023\/08\/354440989_788170699587322_2227027360084685448_n-1024x683.jpg 1024w, https:\/\/skola7.sigulda.lv\/wp-content\/uploads\/2023\/08\/354440989_788170699587322_2227027360084685448_n-300x200.jpg 300w, https:\/\/skola7.sigulda.lv\/wp-content\/uploads\/2023\/08\/354440989_788170699587322_2227027360084685448_n-768x512.jpg 768w, https:\/\/skola7.sigulda.lv\/wp-content\/uploads\/2023\/08\/354440989_788170699587322_2227027360084685448_n-1536x1024.jpg 1536w, https:\/\/skola7.sigulda.lv\/wp-content\/uploads\/2023\/08\/354440989_788170699587322_2227027360084685448_n.jpg 2048w\" sizes=\"auto, (max-width: 1024px) 100vw, 1024px\" \/><\/figure>\n\n\n\n<figure class=\"wp-block-image size-large\"><img loading=\"lazy\" decoding=\"async\" width=\"1024\" height=\"683\" data-id=\"471\" src=\"https:\/\/skola7.sigulda.lv\/wp-content\/uploads\/2023\/08\/354054931_788173666253692_1898869249045446165_n-1024x683.jpg\" alt=\"\" class=\"wp-image-471\" srcset=\"https:\/\/skola7.sigulda.lv\/wp-content\/uploads\/2023\/08\/354054931_788173666253692_1898869249045446165_n-1024x683.jpg 1024w, https:\/\/skola7.sigulda.lv\/wp-content\/uploads\/2023\/08\/354054931_788173666253692_1898869249045446165_n-300x200.jpg 300w, https:\/\/skola7.sigulda.lv\/wp-content\/uploads\/2023\/08\/354054931_788173666253692_1898869249045446165_n-768x512.jpg 768w, https:\/\/skola7.sigulda.lv\/wp-content\/uploads\/2023\/08\/354054931_788173666253692_1898869249045446165_n-1536x1024.jpg 1536w, https:\/\/skola7.sigulda.lv\/wp-content\/uploads\/2023\/08\/354054931_788173666253692_1898869249045446165_n.jpg 2048w\" sizes=\"auto, (max-width: 1024px) 100vw, 1024px\" \/><\/figure>\n\n\n\n<figure class=\"wp-block-image size-large\"><img loading=\"lazy\" decoding=\"async\" width=\"1024\" height=\"683\" data-id=\"469\" src=\"https:\/\/skola7.sigulda.lv\/wp-content\/uploads\/2023\/08\/354449467_788170282920697_2065952900011178777_n-1024x683.jpg\" alt=\"\" class=\"wp-image-469\" srcset=\"https:\/\/skola7.sigulda.lv\/wp-content\/uploads\/2023\/08\/354449467_788170282920697_2065952900011178777_n-1024x683.jpg 1024w, https:\/\/skola7.sigulda.lv\/wp-content\/uploads\/2023\/08\/354449467_788170282920697_2065952900011178777_n-300x200.jpg 300w, https:\/\/skola7.sigulda.lv\/wp-content\/uploads\/2023\/08\/354449467_788170282920697_2065952900011178777_n-768x512.jpg 768w, https:\/\/skola7.sigulda.lv\/wp-content\/uploads\/2023\/08\/354449467_788170282920697_2065952900011178777_n-1536x1024.jpg 1536w, https:\/\/skola7.sigulda.lv\/wp-content\/uploads\/2023\/08\/354449467_788170282920697_2065952900011178777_n.jpg 2048w\" sizes=\"auto, (max-width: 1024px) 100vw, 1024px\" \/><\/figure>\n\n\n\n<figure class=\"wp-block-image size-large\"><img loading=\"lazy\" decoding=\"async\" width=\"1024\" height=\"584\" data-id=\"468\" src=\"https:\/\/skola7.sigulda.lv\/wp-content\/uploads\/2023\/08\/354453150_788173862920339_9156889770777069451_n-1024x584.jpg\" alt=\"\" class=\"wp-image-468\" srcset=\"https:\/\/skola7.sigulda.lv\/wp-content\/uploads\/2023\/08\/354453150_788173862920339_9156889770777069451_n-1024x584.jpg 1024w, https:\/\/skola7.sigulda.lv\/wp-content\/uploads\/2023\/08\/354453150_788173862920339_9156889770777069451_n-300x171.jpg 300w, https:\/\/skola7.sigulda.lv\/wp-content\/uploads\/2023\/08\/354453150_788173862920339_9156889770777069451_n-768x438.jpg 768w, https:\/\/skola7.sigulda.lv\/wp-content\/uploads\/2023\/08\/354453150_788173862920339_9156889770777069451_n-1536x876.jpg 1536w, https:\/\/skola7.sigulda.lv\/wp-content\/uploads\/2023\/08\/354453150_788173862920339_9156889770777069451_n.jpg 2048w\" sizes=\"auto, (max-width: 1024px) 100vw, 1024px\" \/><\/figure>\n<\/figure>\n","protected":false},"excerpt":{"rendered":"<p>Mores skola ruden\u012b. Foto Eva Junga( dizaina un tehnolo\u0123ijas skolot\u0101ja). Mores pamatskolas skol\u0113nu komanda \u201cGadalaiki\u201d jau otro gadu piedal\u012bj\u0101s konkurs\u0101 \u201c\u0160odien laukos\u201d. 16. j\u016bnij\u0101 11 skol\u0113ni absolv\u0113ja Mores pamatskolu.<\/p>\n","protected":false},"author":2,"featured_media":0,"parent":0,"menu_order":0,"comment_status":"closed","ping_status":"closed","template":"","meta":{"footnotes":""},"class_list":["post-193","page","type-page","status-publish"],"_links":{"self":[{"href":"https:\/\/skola7.sigulda.lv\/index.php\/wp-json\/wp\/v2\/pages\/193","targetHints":{"allow":["GET"]}}],"collection":[{"href":"https:\/\/skola7.sigulda.lv\/index.php\/wp-json\/wp\/v2\/pages"}],"about":[{"href":"https:\/\/skola7.sigulda.lv\/index.php\/wp-json\/wp\/v2\/types\/page"}],"author":[{"embeddable":true,"href":"https:\/\/skola7.sigulda.lv\/index.php\/wp-json\/wp\/v2\/users\/2"}],"replies":[{"embeddable":true,"href":"https:\/\/skola7.sigulda.lv\/index.php\/wp-json\/wp\/v2\/comments?post=193"}],"version-history":[{"count":4,"href":"https:\/\/skola7.sigulda.lv\/index.php\/wp-json\/wp\/v2\/pages\/193\/revisions"}],"predecessor-version":[{"id":569,"href":"https:\/\/skola7.sigulda.lv\/index.php\/wp-json\/wp\/v2\/pages\/193\/revisions\/569"}],"wp:attachment":[{"href":"https:\/\/skola7.sigulda.lv\/index.php\/wp-json\/wp\/v2\/media?parent=193"}],"curies":[{"name":"wp","href":"https:\/\/api.w.org\/{rel}","templated":true}]}}