{"id":35,"date":"2023-08-18T11:20:14","date_gmt":"2023-08-18T09:20:14","guid":{"rendered":"https:\/\/skola7.sigulda.lv\/?page_id=35"},"modified":"2023-08-18T11:21:38","modified_gmt":"2023-08-18T09:21:38","slug":"projekti","status":"publish","type":"page","link":"https:\/\/skola7.sigulda.lv\/index.php\/projekti\/","title":{"rendered":"Projekti"},"content":{"rendered":"\n<p><strong>Mores pamatskola akt\u012bvi piedal\u0101s da\u017e\u0101dos projektos<\/strong><\/p>\n\n\n\n<ul class=\"wp-block-list\">\n<li>Eiropas Soci\u0101l\u0101 fonda projekt\u0101 \u201cAtbalsts izgl\u012btojamo individu\u0101lo kompeten\u010du att\u012bst\u012bbai\u201d (Nr. 8.3.2.2\/16\/I\/001), kura ietvaros skol\u0113niem notiek m\u0101c\u012bbu viz\u012btes, tiek \u012bstenotas intere\u0161u izgl\u012bt\u012bbas programmas, rado\u0161i tehnisk\u0101s dienas, nometnes, sporta pas\u0101kumi, u.c. aktivit\u0101tes.<\/li>\n\n\n\n<li>Inicat\u012bv\u0101 \u201cLatvijas skolas soma\u201d, kura ietvaros skol\u0113niem tiek organiz\u0113tas muzejpedago\u0123isk\u0101s nodarb\u012bbas, te\u0101tra izr\u0101des, izst\u0101\u017eu apmekl\u0113jumi un izgl\u012btojo\u0161o filmu apmekl\u0113\u0161ana kinote\u0101tr\u012b.<\/li>\n\n\n\n<li>Eiropas Soci\u0101l\u0101 fonda projekt\u0101 \u201cAtbalsts priek\u0161laic\u012bgas m\u0101c\u012bbu p\u0101rtrauk\u0161anas samazin\u0101\u0161anai\u201d (Nr. 8.3.4.0\/16\/I\/001), kura ietvaros skol\u0113niem tiek nodro\u0161in\u0101ta bezmaksas \u0113din\u0101\u0161ana, sniegts konsultat\u012bvais atbalsts m\u0101c\u012bbu satura apguvei.<\/li>\n\n\n\n<li>Erasmus + projekt\u0101 \u201cJauna m\u0101c\u012bbu pieredze skol\u0101m, kas \u012bsteno iek\u013caujo\u0161o izgl\u012bt\u012bbu\u201d (Nr. 2018-1-LV01-KA229-04975_1), kura ietvaros starptautiskas pieredzes apmai\u0146as pas\u0101kumos tiek g\u016bta inovat\u012bva pieredze, lai pilnveidotu un att\u012bst\u012btu skolot\u0101ju mijiedarb\u012bbu ar izgl\u012btojamiem no soci\u0101li nelabv\u0113l\u012bg\u0101m \u0123imen\u0113m un izgl\u012btojamiem ar gar\u012bg\u0101s att\u012bst\u012bbas trauc\u0113jumiem. Projekta ietvaros tiek \u012bstenota pedagogu un skol\u0113nu savstarp\u0113ja pieredzes apmai\u0146a starp projekta partnervalst\u012bm Rum\u0101niju un Latviju.<\/li>\n<\/ul>\n","protected":false},"excerpt":{"rendered":"<p>Mores pamatskola akt\u012bvi piedal\u0101s da\u017e\u0101dos projektos<\/p>\n","protected":false},"author":2,"featured_media":0,"parent":0,"menu_order":0,"comment_status":"closed","ping_status":"closed","template":"","meta":{"footnotes":""},"class_list":["post-35","page","type-page","status-publish"],"_links":{"self":[{"href":"https:\/\/skola7.sigulda.lv\/index.php\/wp-json\/wp\/v2\/pages\/35","targetHints":{"allow":["GET"]}}],"collection":[{"href":"https:\/\/skola7.sigulda.lv\/index.php\/wp-json\/wp\/v2\/pages"}],"about":[{"href":"https:\/\/skola7.sigulda.lv\/index.php\/wp-json\/wp\/v2\/types\/page"}],"author":[{"embeddable":true,"href":"https:\/\/skola7.sigulda.lv\/index.php\/wp-json\/wp\/v2\/users\/2"}],"replies":[{"embeddable":true,"href":"https:\/\/skola7.sigulda.lv\/index.php\/wp-json\/wp\/v2\/comments?post=35"}],"version-history":[{"count":1,"href":"https:\/\/skola7.sigulda.lv\/index.php\/wp-json\/wp\/v2\/pages\/35\/revisions"}],"predecessor-version":[{"id":36,"href":"https:\/\/skola7.sigulda.lv\/index.php\/wp-json\/wp\/v2\/pages\/35\/revisions\/36"}],"wp:attachment":[{"href":"https:\/\/skola7.sigulda.lv\/index.php\/wp-json\/wp\/v2\/media?parent=35"}],"curies":[{"name":"wp","href":"https:\/\/api.w.org\/{rel}","templated":true}]}}