{"id":365,"date":"2023-08-23T14:43:19","date_gmt":"2023-08-23T12:43:19","guid":{"rendered":"https:\/\/skola7.sigulda.lv\/?page_id=365"},"modified":"2023-08-24T08:14:50","modified_gmt":"2023-08-24T06:14:50","slug":"attalinato-macibu-organizesanas-kartiba","status":"publish","type":"page","link":"https:\/\/skola7.sigulda.lv\/index.php\/attalinato-macibu-organizesanas-kartiba\/","title":{"rendered":"Att\u0101lin\u0101to m\u0101c\u012bbu organiz\u0113\u0161anas k\u0101rt\u012bba"},"content":{"rendered":"\n<div data-wp-interactive=\"core\/file\" class=\"wp-block-file\"><object data-wp-bind--hidden=\"!state.hasPdfPreview\" hidden class=\"wp-block-file__embed\" data=\"https:\/\/skola7.sigulda.lv\/wp-content\/uploads\/2023\/08\/Attalinato_-mac_organiz.pdf\" type=\"application\/pdf\" style=\"width:100%;height:600px\" aria-label=\"Iegult Attalinato_-mac_organiz.pdf.\"><\/object><a id=\"wp-block-file--media-da646beb-ed75-4b6f-b5b7-fc6a14fb5886\" href=\"https:\/\/skola7.sigulda.lv\/wp-content\/uploads\/2023\/08\/Attalinato_-mac_organiz.pdf\">Attalinato_-mac_organiz.pdf<\/a><a href=\"https:\/\/skola7.sigulda.lv\/wp-content\/uploads\/2023\/08\/Attalinato_-mac_organiz.pdf\" class=\"wp-block-file__button wp-element-button\" download aria-describedby=\"wp-block-file--media-da646beb-ed75-4b6f-b5b7-fc6a14fb5886\">Lejupiel\u0101d\u0113t<\/a><\/div>\n","protected":false},"excerpt":{"rendered":"","protected":false},"author":2,"featured_media":0,"parent":0,"menu_order":0,"comment_status":"closed","ping_status":"closed","template":"","meta":{"footnotes":""},"class_list":["post-365","page","type-page","status-publish"],"_links":{"self":[{"href":"https:\/\/skola7.sigulda.lv\/index.php\/wp-json\/wp\/v2\/pages\/365","targetHints":{"allow":["GET"]}}],"collection":[{"href":"https:\/\/skola7.sigulda.lv\/index.php\/wp-json\/wp\/v2\/pages"}],"about":[{"href":"https:\/\/skola7.sigulda.lv\/index.php\/wp-json\/wp\/v2\/types\/page"}],"author":[{"embeddable":true,"href":"https:\/\/skola7.sigulda.lv\/index.php\/wp-json\/wp\/v2\/users\/2"}],"replies":[{"embeddable":true,"href":"https:\/\/skola7.sigulda.lv\/index.php\/wp-json\/wp\/v2\/comments?post=365"}],"version-history":[{"count":2,"href":"https:\/\/skola7.sigulda.lv\/index.php\/wp-json\/wp\/v2\/pages\/365\/revisions"}],"predecessor-version":[{"id":414,"href":"https:\/\/skola7.sigulda.lv\/index.php\/wp-json\/wp\/v2\/pages\/365\/revisions\/414"}],"wp:attachment":[{"href":"https:\/\/skola7.sigulda.lv\/index.php\/wp-json\/wp\/v2\/media?parent=365"}],"curies":[{"name":"wp","href":"https:\/\/api.w.org\/{rel}","templated":true}]}}