{"id":37,"date":"2023-08-18T11:24:46","date_gmt":"2023-08-18T09:24:46","guid":{"rendered":"https:\/\/skola7.sigulda.lv\/?page_id=37"},"modified":"2023-08-24T16:47:21","modified_gmt":"2023-08-24T14:47:21","slug":"sakums","status":"publish","type":"page","link":"https:\/\/skola7.sigulda.lv\/index.php\/sakums\/","title":{"rendered":"Par skolu"},"content":{"rendered":"\n<p><strong><em>V\u012aZ\u012aJA:<\/em>&nbsp;<\/strong>Skola ar individu\u0101lu pieeju, rado\u0161u un dro\u0161u vidi &#8211; ir vieta, kur katram b\u0113rnam ieg\u016bt sav\u0101m sp\u0113j\u0101m un vajadz\u012bb\u0101m atbilsto\u0161u pirmsskolas, pamatizgl\u012bt\u012bbas un\/vai profesion\u0101l\u0101s ievirzes izgl\u012bt\u012bbu.<\/p>\n\n\n\n<p><strong><em>MISIJA:<\/em>&nbsp;<\/strong>&nbsp;Mores pamatskola ir \u012bpa\u0161a skola, kur\u0101, sniedzot profesion\u0101lu atbalstu, tiek veicin\u0101ta katra b\u0113rna potenci\u0101la att\u012bst\u012bba, m\u016bsdien\u012bg\u0101 vid\u0113, iedvesmojoties dab\u0101 un tehnolo\u0123ij\u0101s.<\/p>\n\n\n\n<p><strong><em>V\u012aZIJA PAR IZGL\u012aTOJAMO:\u00a0<\/em><\/strong>jaunietis, kas sp\u0113j pielietot apg\u016bt\u0101s zin\u0101\u0161anas un dz\u012bves prasmes patst\u0101v\u012bgai dz\u012bvei un turpina m\u0101c\u012bbas visp\u0101r\u0113j\u0101 vai profesion\u0101l\u0101 izgl\u012bt\u012bbas iest\u0101d\u0113.<\/p>\n\n\n\n<p><em><strong>IZGL\u012aT\u012aBAS IEST\u0100DES V\u0112RT\u012aBAS:<\/strong><\/em>&nbsp; tolerance, atbild\u012bba, patriotiskums, sadarb\u012bba, rado\u0161ums.<\/p>\n\n\n\n<p><\/p>\n\n\n\n<figure class=\"wp-block-image size-large is-resized\"><img loading=\"lazy\" decoding=\"async\" src=\"https:\/\/skola7.sigulda.lv\/wp-content\/uploads\/2023\/08\/Mores-pamatskola-bilde-1024x827.jpg\" alt=\"\" class=\"wp-image-48\" style=\"width:820px;height:662px\" width=\"820\" height=\"662\" srcset=\"https:\/\/skola7.sigulda.lv\/wp-content\/uploads\/2023\/08\/Mores-pamatskola-bilde-1024x827.jpg 1024w, https:\/\/skola7.sigulda.lv\/wp-content\/uploads\/2023\/08\/Mores-pamatskola-bilde-300x242.jpg 300w, https:\/\/skola7.sigulda.lv\/wp-content\/uploads\/2023\/08\/Mores-pamatskola-bilde-768x621.jpg 768w, https:\/\/skola7.sigulda.lv\/wp-content\/uploads\/2023\/08\/Mores-pamatskola-bilde.jpg 1485w\" sizes=\"auto, (max-width: 820px) 100vw, 820px\" \/><\/figure>\n","protected":false},"excerpt":{"rendered":"<p>V\u012aZ\u012aJA:&nbsp;Skola ar individu\u0101lu pieeju, rado\u0161u un dro\u0161u vidi &#8211; ir vieta, kur katram b\u0113rnam ieg\u016bt sav\u0101m sp\u0113j\u0101m un vajadz\u012bb\u0101m atbilsto\u0161u pirmsskolas, pamatizgl\u012bt\u012bbas un\/vai profesion\u0101l\u0101s ievirzes izgl\u012bt\u012bbu. MISIJA:&nbsp;&nbsp;Mores pamatskola ir \u012bpa\u0161a skola, kur\u0101, sniedzot profesion\u0101lu atbalstu, tiek veicin\u0101ta katra b\u0113rna potenci\u0101la att\u012bst\u012bba, m\u016bsdien\u012bg\u0101 vid\u0113, iedvesmojoties dab\u0101 un tehnolo\u0123ij\u0101s. V\u012aZIJA PAR IZGL\u012aTOJAMO:\u00a0jaunietis, kas sp\u0113j pielietot apg\u016bt\u0101s zin\u0101\u0161anas &#8230; <a title=\"Par skolu\" class=\"read-more\" href=\"https:\/\/skola7.sigulda.lv\/index.php\/sakums\/\" aria-label=\"Read more about Par skolu\">Las\u012bt t\u0101l\u0101k<\/a><\/p>\n","protected":false},"author":2,"featured_media":0,"parent":0,"menu_order":0,"comment_status":"closed","ping_status":"closed","template":"","meta":{"footnotes":""},"class_list":["post-37","page","type-page","status-publish"],"_links":{"self":[{"href":"https:\/\/skola7.sigulda.lv\/index.php\/wp-json\/wp\/v2\/pages\/37","targetHints":{"allow":["GET"]}}],"collection":[{"href":"https:\/\/skola7.sigulda.lv\/index.php\/wp-json\/wp\/v2\/pages"}],"about":[{"href":"https:\/\/skola7.sigulda.lv\/index.php\/wp-json\/wp\/v2\/types\/page"}],"author":[{"embeddable":true,"href":"https:\/\/skola7.sigulda.lv\/index.php\/wp-json\/wp\/v2\/users\/2"}],"replies":[{"embeddable":true,"href":"https:\/\/skola7.sigulda.lv\/index.php\/wp-json\/wp\/v2\/comments?post=37"}],"version-history":[{"count":4,"href":"https:\/\/skola7.sigulda.lv\/index.php\/wp-json\/wp\/v2\/pages\/37\/revisions"}],"predecessor-version":[{"id":448,"href":"https:\/\/skola7.sigulda.lv\/index.php\/wp-json\/wp\/v2\/pages\/37\/revisions\/448"}],"wp:attachment":[{"href":"https:\/\/skola7.sigulda.lv\/index.php\/wp-json\/wp\/v2\/media?parent=37"}],"curies":[{"name":"wp","href":"https:\/\/api.w.org\/{rel}","templated":true}]}}