{"id":373,"date":"2023-08-23T14:46:44","date_gmt":"2023-08-23T12:46:44","guid":{"rendered":"https:\/\/skola7.sigulda.lv\/?page_id=373"},"modified":"2023-08-24T08:17:41","modified_gmt":"2023-08-24T06:17:41","slug":"pagarinatas-dienas-grupas-kartiba","status":"publish","type":"page","link":"https:\/\/skola7.sigulda.lv\/index.php\/pagarinatas-dienas-grupas-kartiba\/","title":{"rendered":"Pagarin\u0101t\u0101s dienas grupas k\u0101rt\u012bba"},"content":{"rendered":"\n<div data-wp-interactive=\"core\/file\" class=\"wp-block-file\"><object data-wp-bind--hidden=\"!state.hasPdfPreview\" hidden class=\"wp-block-file__embed\" data=\"https:\/\/skola7.sigulda.lv\/wp-content\/uploads\/2023\/08\/44_pagarinata-grupa_More.pdf\" type=\"application\/pdf\" style=\"width:100%;height:600px\" aria-label=\"Iegult 44_pagarinata-grupa_More.pdf.\"><\/object><a id=\"wp-block-file--media-0326f750-74b5-49c5-9833-368b05e79a24\" href=\"https:\/\/skola7.sigulda.lv\/wp-content\/uploads\/2023\/08\/44_pagarinata-grupa_More.pdf\">44_pagarinata-grupa_More.pdf<\/a><a href=\"https:\/\/skola7.sigulda.lv\/wp-content\/uploads\/2023\/08\/44_pagarinata-grupa_More.pdf\" class=\"wp-block-file__button wp-element-button\" download aria-describedby=\"wp-block-file--media-0326f750-74b5-49c5-9833-368b05e79a24\">Lejupiel\u0101d\u0113t<\/a><\/div>\n","protected":false},"excerpt":{"rendered":"","protected":false},"author":2,"featured_media":0,"parent":0,"menu_order":0,"comment_status":"closed","ping_status":"closed","template":"","meta":{"footnotes":""},"class_list":["post-373","page","type-page","status-publish"],"_links":{"self":[{"href":"https:\/\/skola7.sigulda.lv\/index.php\/wp-json\/wp\/v2\/pages\/373","targetHints":{"allow":["GET"]}}],"collection":[{"href":"https:\/\/skola7.sigulda.lv\/index.php\/wp-json\/wp\/v2\/pages"}],"about":[{"href":"https:\/\/skola7.sigulda.lv\/index.php\/wp-json\/wp\/v2\/types\/page"}],"author":[{"embeddable":true,"href":"https:\/\/skola7.sigulda.lv\/index.php\/wp-json\/wp\/v2\/users\/2"}],"replies":[{"embeddable":true,"href":"https:\/\/skola7.sigulda.lv\/index.php\/wp-json\/wp\/v2\/comments?post=373"}],"version-history":[{"count":2,"href":"https:\/\/skola7.sigulda.lv\/index.php\/wp-json\/wp\/v2\/pages\/373\/revisions"}],"predecessor-version":[{"id":418,"href":"https:\/\/skola7.sigulda.lv\/index.php\/wp-json\/wp\/v2\/pages\/373\/revisions\/418"}],"wp:attachment":[{"href":"https:\/\/skola7.sigulda.lv\/index.php\/wp-json\/wp\/v2\/media?parent=373"}],"curies":[{"name":"wp","href":"https:\/\/api.w.org\/{rel}","templated":true}]}}