{"id":376,"date":"2023-08-23T14:49:44","date_gmt":"2023-08-23T12:49:44","guid":{"rendered":"https:\/\/skola7.sigulda.lv\/?page_id=376"},"modified":"2023-08-24T08:22:19","modified_gmt":"2023-08-24T06:22:19","slug":"skolas-riciba-fiziskas-un-emocionalas-vardarbibas-gadijuma","status":"publish","type":"page","link":"https:\/\/skola7.sigulda.lv\/index.php\/skolas-riciba-fiziskas-un-emocionalas-vardarbibas-gadijuma\/","title":{"rendered":"Skolas r\u012bc\u012bba fiziskas un emocion\u0101las vardarb\u012bbas gad\u012bjum\u0101"},"content":{"rendered":"","protected":false},"excerpt":{"rendered":"","protected":false},"author":2,"featured_media":0,"parent":0,"menu_order":0,"comment_status":"closed","ping_status":"closed","template":"","meta":{"footnotes":""},"class_list":["post-376","page","type-page","status-publish"],"_links":{"self":[{"href":"https:\/\/skola7.sigulda.lv\/index.php\/wp-json\/wp\/v2\/pages\/376","targetHints":{"allow":["GET"]}}],"collection":[{"href":"https:\/\/skola7.sigulda.lv\/index.php\/wp-json\/wp\/v2\/pages"}],"about":[{"href":"https:\/\/skola7.sigulda.lv\/index.php\/wp-json\/wp\/v2\/types\/page"}],"author":[{"embeddable":true,"href":"https:\/\/skola7.sigulda.lv\/index.php\/wp-json\/wp\/v2\/users\/2"}],"replies":[{"embeddable":true,"href":"https:\/\/skola7.sigulda.lv\/index.php\/wp-json\/wp\/v2\/comments?post=376"}],"version-history":[{"count":1,"href":"https:\/\/skola7.sigulda.lv\/index.php\/wp-json\/wp\/v2\/pages\/376\/revisions"}],"predecessor-version":[{"id":377,"href":"https:\/\/skola7.sigulda.lv\/index.php\/wp-json\/wp\/v2\/pages\/376\/revisions\/377"}],"wp:attachment":[{"href":"https:\/\/skola7.sigulda.lv\/index.php\/wp-json\/wp\/v2\/media?parent=376"}],"curies":[{"name":"wp","href":"https:\/\/api.w.org\/{rel}","templated":true}]}}