{"id":383,"date":"2023-08-23T14:56:32","date_gmt":"2023-08-23T12:56:32","guid":{"rendered":"https:\/\/skola7.sigulda.lv\/?page_id=383"},"modified":"2023-08-24T08:31:10","modified_gmt":"2023-08-24T06:31:10","slug":"kartiba-kada-skola-uzturas-nepiederosas-personas","status":"publish","type":"page","link":"https:\/\/skola7.sigulda.lv\/index.php\/kartiba-kada-skola-uzturas-nepiederosas-personas\/","title":{"rendered":"K\u0101rt\u012bba k\u0101d\u0101 skol\u0101 uzturas citas personas"},"content":{"rendered":"\n<div data-wp-interactive=\"core\/file\" class=\"wp-block-file\"><object data-wp-bind--hidden=\"!state.hasPdfPreview\" hidden class=\"wp-block-file__embed\" data=\"https:\/\/skola7.sigulda.lv\/wp-content\/uploads\/2023\/08\/Kartibakada_izglitibas_iestade_uzturas_izglitojamo_vecaki_un_citas_personas.pdf\" type=\"application\/pdf\" style=\"width:100%;height:600px\" aria-label=\"Iegult Kartibakada_izglitibas_iestade_uzturas_izglitojamo_vecaki_un_citas_personas.pdf.\"><\/object><a id=\"wp-block-file--media-eb2037d8-46b0-45db-be6a-78c170641e99\" href=\"https:\/\/skola7.sigulda.lv\/wp-content\/uploads\/2023\/08\/Kartibakada_izglitibas_iestade_uzturas_izglitojamo_vecaki_un_citas_personas.pdf\">Kartibakada_izglitibas_iestade_uzturas_izglitojamo_vecaki_un_citas_personas.pdf<\/a><a href=\"https:\/\/skola7.sigulda.lv\/wp-content\/uploads\/2023\/08\/Kartibakada_izglitibas_iestade_uzturas_izglitojamo_vecaki_un_citas_personas.pdf\" class=\"wp-block-file__button wp-element-button\" download aria-describedby=\"wp-block-file--media-eb2037d8-46b0-45db-be6a-78c170641e99\">Lejupiel\u0101d\u0113t<\/a><\/div>\n","protected":false},"excerpt":{"rendered":"","protected":false},"author":2,"featured_media":0,"parent":0,"menu_order":0,"comment_status":"closed","ping_status":"closed","template":"","meta":{"footnotes":""},"class_list":["post-383","page","type-page","status-publish"],"_links":{"self":[{"href":"https:\/\/skola7.sigulda.lv\/index.php\/wp-json\/wp\/v2\/pages\/383","targetHints":{"allow":["GET"]}}],"collection":[{"href":"https:\/\/skola7.sigulda.lv\/index.php\/wp-json\/wp\/v2\/pages"}],"about":[{"href":"https:\/\/skola7.sigulda.lv\/index.php\/wp-json\/wp\/v2\/types\/page"}],"author":[{"embeddable":true,"href":"https:\/\/skola7.sigulda.lv\/index.php\/wp-json\/wp\/v2\/users\/2"}],"replies":[{"embeddable":true,"href":"https:\/\/skola7.sigulda.lv\/index.php\/wp-json\/wp\/v2\/comments?post=383"}],"version-history":[{"count":2,"href":"https:\/\/skola7.sigulda.lv\/index.php\/wp-json\/wp\/v2\/pages\/383\/revisions"}],"predecessor-version":[{"id":427,"href":"https:\/\/skola7.sigulda.lv\/index.php\/wp-json\/wp\/v2\/pages\/383\/revisions\/427"}],"wp:attachment":[{"href":"https:\/\/skola7.sigulda.lv\/index.php\/wp-json\/wp\/v2\/media?parent=383"}],"curies":[{"name":"wp","href":"https:\/\/api.w.org\/{rel}","templated":true}]}}