{"id":403,"date":"2023-08-23T15:19:38","date_gmt":"2023-08-23T13:19:38","guid":{"rendered":"https:\/\/skola7.sigulda.lv\/?page_id=403"},"modified":"2023-08-24T08:38:06","modified_gmt":"2023-08-24T06:38:06","slug":"ricibas-plans-par-atkaribu-izraisosam-vielam","status":"publish","type":"page","link":"https:\/\/skola7.sigulda.lv\/index.php\/ricibas-plans-par-atkaribu-izraisosam-vielam\/","title":{"rendered":"R\u012bc\u012bbas pl\u0101ns par atkar\u012bbu izraiso\u0161\u0101m viel\u0101m"},"content":{"rendered":"\n<div data-wp-interactive=\"core\/file\" class=\"wp-block-file\"><object data-wp-bind--hidden=\"!state.hasPdfPreview\" hidden class=\"wp-block-file__embed\" data=\"https:\/\/skola7.sigulda.lv\/wp-content\/uploads\/2023\/08\/Ricibas_plansja_izglitibas_iestade_konstate_vai_ir_aizdomaska_izglitojamie_lietoglaba_vai_izplata_atkaribu_izraisosas_vielas.pdf\" type=\"application\/pdf\" style=\"width:100%;height:600px\" aria-label=\"Iegult R\u012bc\u012bbas_pl\u0101ns,ja_izgl\u012bt\u012bbas_iest\u0101d\u0113_konstat\u0113_vai_ir_aizdomas,ka_izgl\u012btojamie_lieto,glab\u0101_vai_izplata_atkar\u012bbu_izraiso\u0161as_vielas.pdf.\"><\/object><a id=\"wp-block-file--media-3aa27b73-33e8-4f40-9531-18985f2a3084\" href=\"https:\/\/skola7.sigulda.lv\/wp-content\/uploads\/2023\/08\/Ricibas_plansja_izglitibas_iestade_konstate_vai_ir_aizdomaska_izglitojamie_lietoglaba_vai_izplata_atkaribu_izraisosas_vielas.pdf\">R\u012bc\u012bbas_pl\u0101ns,ja_izgl\u012bt\u012bbas_iest\u0101d\u0113_konstat\u0113_vai_ir_aizdomas,ka_izgl\u012btojamie_lieto,glab\u0101_vai_izplata_atkar\u012bbu_izraiso\u0161as_vielas.pdf<\/a><a href=\"https:\/\/skola7.sigulda.lv\/wp-content\/uploads\/2023\/08\/Ricibas_plansja_izglitibas_iestade_konstate_vai_ir_aizdomaska_izglitojamie_lietoglaba_vai_izplata_atkaribu_izraisosas_vielas.pdf\" class=\"wp-block-file__button wp-element-button\" download aria-describedby=\"wp-block-file--media-3aa27b73-33e8-4f40-9531-18985f2a3084\">Lejupiel\u0101d\u0113t<\/a><\/div>\n","protected":false},"excerpt":{"rendered":"","protected":false},"author":2,"featured_media":0,"parent":0,"menu_order":0,"comment_status":"closed","ping_status":"closed","template":"","meta":{"footnotes":""},"class_list":["post-403","page","type-page","status-publish"],"_links":{"self":[{"href":"https:\/\/skola7.sigulda.lv\/index.php\/wp-json\/wp\/v2\/pages\/403","targetHints":{"allow":["GET"]}}],"collection":[{"href":"https:\/\/skola7.sigulda.lv\/index.php\/wp-json\/wp\/v2\/pages"}],"about":[{"href":"https:\/\/skola7.sigulda.lv\/index.php\/wp-json\/wp\/v2\/types\/page"}],"author":[{"embeddable":true,"href":"https:\/\/skola7.sigulda.lv\/index.php\/wp-json\/wp\/v2\/users\/2"}],"replies":[{"embeddable":true,"href":"https:\/\/skola7.sigulda.lv\/index.php\/wp-json\/wp\/v2\/comments?post=403"}],"version-history":[{"count":2,"href":"https:\/\/skola7.sigulda.lv\/index.php\/wp-json\/wp\/v2\/pages\/403\/revisions"}],"predecessor-version":[{"id":430,"href":"https:\/\/skola7.sigulda.lv\/index.php\/wp-json\/wp\/v2\/pages\/403\/revisions\/430"}],"wp:attachment":[{"href":"https:\/\/skola7.sigulda.lv\/index.php\/wp-json\/wp\/v2\/media?parent=403"}],"curies":[{"name":"wp","href":"https:\/\/api.w.org\/{rel}","templated":true}]}}