{"id":62,"date":"2023-08-18T17:22:07","date_gmt":"2023-08-18T15:22:07","guid":{"rendered":"https:\/\/skola7.sigulda.lv\/?page_id=62"},"modified":"2023-08-24T18:35:55","modified_gmt":"2023-08-24T16:35:55","slug":"darbinieki-skolotaji","status":"publish","type":"page","link":"https:\/\/skola7.sigulda.lv\/index.php\/darbinieki-skolotaji\/","title":{"rendered":"Skolot\u0101ji un darbinieki"},"content":{"rendered":"\n<figure class=\"wp-block-table\"><table><tbody><tr><td class=\"has-text-align-center\" data-align=\"center\" colspan=\"4\"><strong>Skolas administr\u0101cija<\/strong><\/td><\/tr><tr><td class=\"has-text-align-center\" data-align=\"center\"><strong>Busote-Uzuli\u0146a Marika<\/strong><\/td><td><strong>marika.busote.uzulina@sigulda.lv<\/strong><\/td><td><strong>27749775<\/strong><\/td><td><strong>direktore<\/strong><\/td><\/tr><tr><td class=\"has-text-align-center\" data-align=\"center\">Gr\u0101v\u012bte Krist\u012bne<\/td><td>kristine.gravite@sigulda.lv<\/td><td><strong>64147210<\/strong><\/td><td><strong>direktores vietniece izgl\u012bt\u012bbas jom\u0101<\/strong><\/td><\/tr><tr><td class=\"has-text-align-center\" data-align=\"center\">Gr\u012bnbergs Kalvis<\/td><td>egita.skruzkalne@sigulda.lv<\/td><td><strong>64147210<\/strong><\/td><td><strong>direktores vietnieks saimnieciski administrat\u012bvaj\u0101 jom\u0101<\/strong><\/td><\/tr><tr><td class=\"has-text-align-center\" data-align=\"center\">Skr\u016bzkalne Egita<\/td><td>egita.skruzkalne@sigulda.lv<\/td><td><strong>64147210<\/strong><\/td><td><strong>direktores vietniece audzin\u0101\u0161anas jom\u0101<\/strong><\/td><\/tr><tr><td class=\"has-text-align-center\" data-align=\"center\">Angelika Laiveniece<\/td><td>mores.skola@sigulda.lv<\/td><td><strong>64147217<\/strong><\/td><td><strong>Lietvede<\/strong><\/td><\/tr><\/tbody><\/table><\/figure>\n","protected":false},"excerpt":{"rendered":"<p>Skolas administr\u0101cija Busote-Uzuli\u0146a Marika marika.busote.uzulina@sigulda.lv 27749775 direktore Gr\u0101v\u012bte Krist\u012bne kristine.gravite@sigulda.lv 64147210 direktores vietniece izgl\u012bt\u012bbas jom\u0101 Gr\u012bnbergs Kalvis egita.skruzkalne@sigulda.lv 64147210 direktores vietnieks saimnieciski administrat\u012bvaj\u0101 jom\u0101 Skr\u016bzkalne Egita egita.skruzkalne@sigulda.lv 64147210 direktores vietniece audzin\u0101\u0161anas jom\u0101 Angelika Laiveniece mores.skola@sigulda.lv 64147217 Lietvede<\/p>\n","protected":false},"author":2,"featured_media":0,"parent":0,"menu_order":0,"comment_status":"closed","ping_status":"closed","template":"","meta":{"footnotes":""},"class_list":["post-62","page","type-page","status-publish"],"_links":{"self":[{"href":"https:\/\/skola7.sigulda.lv\/index.php\/wp-json\/wp\/v2\/pages\/62","targetHints":{"allow":["GET"]}}],"collection":[{"href":"https:\/\/skola7.sigulda.lv\/index.php\/wp-json\/wp\/v2\/pages"}],"about":[{"href":"https:\/\/skola7.sigulda.lv\/index.php\/wp-json\/wp\/v2\/types\/page"}],"author":[{"embeddable":true,"href":"https:\/\/skola7.sigulda.lv\/index.php\/wp-json\/wp\/v2\/users\/2"}],"replies":[{"embeddable":true,"href":"https:\/\/skola7.sigulda.lv\/index.php\/wp-json\/wp\/v2\/comments?post=62"}],"version-history":[{"count":5,"href":"https:\/\/skola7.sigulda.lv\/index.php\/wp-json\/wp\/v2\/pages\/62\/revisions"}],"predecessor-version":[{"id":451,"href":"https:\/\/skola7.sigulda.lv\/index.php\/wp-json\/wp\/v2\/pages\/62\/revisions\/451"}],"wp:attachment":[{"href":"https:\/\/skola7.sigulda.lv\/index.php\/wp-json\/wp\/v2\/media?parent=62"}],"curies":[{"name":"wp","href":"https:\/\/api.w.org\/{rel}","templated":true}]}}