{"id":70,"date":"2023-08-18T17:25:56","date_gmt":"2023-08-18T15:25:56","guid":{"rendered":"https:\/\/skola7.sigulda.lv\/?page_id=70"},"modified":"2023-08-24T18:42:10","modified_gmt":"2023-08-24T16:42:10","slug":"rekviziti","status":"publish","type":"page","link":"https:\/\/skola7.sigulda.lv\/index.php\/rekviziti\/","title":{"rendered":"Rekviz\u012bti"},"content":{"rendered":"\n<p><strong>SIGULDAS<\/strong> <strong>NOVADA PA\u0160VALD\u012aBA<\/strong><\/p>\n\n\n\n<p><strong>MORES PAMATSKOLA<\/strong><\/p>\n\n\n\n<p>Re\u0123istr\u0101cijas Nr. 4312900327<strong><\/strong><\/p>\n\n\n\n<p>Siguldas iela 15, More, Mores pagasts<\/p>\n\n\n\n<p>&nbsp;Siguldas novads LV-2170<\/p>\n\n\n\n<p>t\u0101lrunis: 64147217<\/p>\n\n\n\n<p>&nbsp;e-pasts: mores.skola@sigulda.lv<\/p>\n\n\n\n<p>www.sigulda.lv<\/p>\n","protected":false},"excerpt":{"rendered":"<p>SIGULDAS NOVADA PA\u0160VALD\u012aBA MORES PAMATSKOLA Re\u0123istr\u0101cijas Nr. 4312900327 Siguldas iela 15, More, Mores pagasts &nbsp;Siguldas novads LV-2170 t\u0101lrunis: 64147217 &nbsp;e-pasts: mores.skola@sigulda.lv www.sigulda.lv<\/p>\n","protected":false},"author":2,"featured_media":0,"parent":0,"menu_order":0,"comment_status":"closed","ping_status":"closed","template":"","meta":{"footnotes":""},"class_list":["post-70","page","type-page","status-publish"],"_links":{"self":[{"href":"https:\/\/skola7.sigulda.lv\/index.php\/wp-json\/wp\/v2\/pages\/70","targetHints":{"allow":["GET"]}}],"collection":[{"href":"https:\/\/skola7.sigulda.lv\/index.php\/wp-json\/wp\/v2\/pages"}],"about":[{"href":"https:\/\/skola7.sigulda.lv\/index.php\/wp-json\/wp\/v2\/types\/page"}],"author":[{"embeddable":true,"href":"https:\/\/skola7.sigulda.lv\/index.php\/wp-json\/wp\/v2\/users\/2"}],"replies":[{"embeddable":true,"href":"https:\/\/skola7.sigulda.lv\/index.php\/wp-json\/wp\/v2\/comments?post=70"}],"version-history":[{"count":2,"href":"https:\/\/skola7.sigulda.lv\/index.php\/wp-json\/wp\/v2\/pages\/70\/revisions"}],"predecessor-version":[{"id":454,"href":"https:\/\/skola7.sigulda.lv\/index.php\/wp-json\/wp\/v2\/pages\/70\/revisions\/454"}],"wp:attachment":[{"href":"https:\/\/skola7.sigulda.lv\/index.php\/wp-json\/wp\/v2\/media?parent=70"}],"curies":[{"name":"wp","href":"https:\/\/api.w.org\/{rel}","templated":true}]}}