{"id":84,"date":"2023-08-18T17:35:54","date_gmt":"2023-08-18T15:35:54","guid":{"rendered":"https:\/\/skola7.sigulda.lv\/?page_id=84"},"modified":"2023-08-22T10:43:26","modified_gmt":"2023-08-22T08:43:26","slug":"pasvertejuma-zinojums","status":"publish","type":"page","link":"https:\/\/skola7.sigulda.lv\/index.php\/pasvertejuma-zinojums\/","title":{"rendered":"Pa\u0161v\u0113rt\u0113juma zi\u0146ojums"},"content":{"rendered":"\n<div data-wp-interactive=\"core\/file\" class=\"wp-block-file\"><object data-wp-bind--hidden=\"!state.hasPdfPreview\" hidden class=\"wp-block-file__embed\" data=\"https:\/\/skola7.sigulda.lv\/wp-content\/uploads\/2023\/08\/Mores_pamatskolas_pasnovertejuma_zinojums_2021-2022-1.pdf\" type=\"application\/pdf\" style=\"width:100%;height:600px\" aria-label=\"Iegult Mores_pamatskolas_pasnovertejuma_zinojums_2021-2022-1.\"><\/object><a id=\"wp-block-file--media-a463609a-404b-48be-a285-ee9d2ad0687f\" href=\"https:\/\/skola7.sigulda.lv\/wp-content\/uploads\/2023\/08\/Mores_pamatskolas_pasnovertejuma_zinojums_2021-2022-1.pdf\">Mores_pamatskolas_pasnovertejuma_zinojums_2021-2022-1<\/a><a href=\"https:\/\/skola7.sigulda.lv\/wp-content\/uploads\/2023\/08\/Mores_pamatskolas_pasnovertejuma_zinojums_2021-2022-1.pdf\" class=\"wp-block-file__button wp-element-button\" download aria-describedby=\"wp-block-file--media-a463609a-404b-48be-a285-ee9d2ad0687f\">Lejupiel\u0101d\u0113t<\/a><\/div>\n","protected":false},"excerpt":{"rendered":"","protected":false},"author":2,"featured_media":0,"parent":0,"menu_order":0,"comment_status":"closed","ping_status":"closed","template":"","meta":{"footnotes":""},"class_list":["post-84","page","type-page","status-publish"],"_links":{"self":[{"href":"https:\/\/skola7.sigulda.lv\/index.php\/wp-json\/wp\/v2\/pages\/84","targetHints":{"allow":["GET"]}}],"collection":[{"href":"https:\/\/skola7.sigulda.lv\/index.php\/wp-json\/wp\/v2\/pages"}],"about":[{"href":"https:\/\/skola7.sigulda.lv\/index.php\/wp-json\/wp\/v2\/types\/page"}],"author":[{"embeddable":true,"href":"https:\/\/skola7.sigulda.lv\/index.php\/wp-json\/wp\/v2\/users\/2"}],"replies":[{"embeddable":true,"href":"https:\/\/skola7.sigulda.lv\/index.php\/wp-json\/wp\/v2\/comments?post=84"}],"version-history":[{"count":2,"href":"https:\/\/skola7.sigulda.lv\/index.php\/wp-json\/wp\/v2\/pages\/84\/revisions"}],"predecessor-version":[{"id":311,"href":"https:\/\/skola7.sigulda.lv\/index.php\/wp-json\/wp\/v2\/pages\/84\/revisions\/311"}],"wp:attachment":[{"href":"https:\/\/skola7.sigulda.lv\/index.php\/wp-json\/wp\/v2\/media?parent=84"}],"curies":[{"name":"wp","href":"https:\/\/api.w.org\/{rel}","templated":true}]}}