{"id":88,"date":"2023-08-18T17:36:41","date_gmt":"2023-08-18T15:36:41","guid":{"rendered":"https:\/\/skola7.sigulda.lv\/?page_id=88"},"modified":"2023-08-22T10:54:36","modified_gmt":"2023-08-22T08:54:36","slug":"vertesanas-kartiba","status":"publish","type":"page","link":"https:\/\/skola7.sigulda.lv\/index.php\/vertesanas-kartiba\/","title":{"rendered":"V\u0113rt\u0113\u0161anas k\u0101rt\u012bba"},"content":{"rendered":"\n<div data-wp-interactive=\"core\/file\" class=\"wp-block-file\"><object data-wp-bind--hidden=\"!state.hasPdfPreview\" hidden class=\"wp-block-file__embed\" data=\"https:\/\/skola7.sigulda.lv\/wp-content\/uploads\/2023\/08\/Vertesanas-kartiba.pdf\" type=\"application\/pdf\" style=\"width:100%;height:600px\" aria-label=\"Iegult Vertesanas-kartiba.\"><\/object><a id=\"wp-block-file--media-ccd700ca-e3bb-47eb-8eaf-14c66e613150\" href=\"https:\/\/skola7.sigulda.lv\/wp-content\/uploads\/2023\/08\/Vertesanas-kartiba.pdf\">Vertesanas-kartiba<\/a><a href=\"https:\/\/skola7.sigulda.lv\/wp-content\/uploads\/2023\/08\/Vertesanas-kartiba.pdf\" class=\"wp-block-file__button wp-element-button\" download aria-describedby=\"wp-block-file--media-ccd700ca-e3bb-47eb-8eaf-14c66e613150\">Lejupiel\u0101d\u0113t<\/a><\/div>\n","protected":false},"excerpt":{"rendered":"","protected":false},"author":2,"featured_media":0,"parent":0,"menu_order":0,"comment_status":"closed","ping_status":"closed","template":"","meta":{"footnotes":""},"class_list":["post-88","page","type-page","status-publish"],"_links":{"self":[{"href":"https:\/\/skola7.sigulda.lv\/index.php\/wp-json\/wp\/v2\/pages\/88","targetHints":{"allow":["GET"]}}],"collection":[{"href":"https:\/\/skola7.sigulda.lv\/index.php\/wp-json\/wp\/v2\/pages"}],"about":[{"href":"https:\/\/skola7.sigulda.lv\/index.php\/wp-json\/wp\/v2\/types\/page"}],"author":[{"embeddable":true,"href":"https:\/\/skola7.sigulda.lv\/index.php\/wp-json\/wp\/v2\/users\/2"}],"replies":[{"embeddable":true,"href":"https:\/\/skola7.sigulda.lv\/index.php\/wp-json\/wp\/v2\/comments?post=88"}],"version-history":[{"count":3,"href":"https:\/\/skola7.sigulda.lv\/index.php\/wp-json\/wp\/v2\/pages\/88\/revisions"}],"predecessor-version":[{"id":318,"href":"https:\/\/skola7.sigulda.lv\/index.php\/wp-json\/wp\/v2\/pages\/88\/revisions\/318"}],"wp:attachment":[{"href":"https:\/\/skola7.sigulda.lv\/index.php\/wp-json\/wp\/v2\/media?parent=88"}],"curies":[{"name":"wp","href":"https:\/\/api.w.org\/{rel}","templated":true}]}}