{"id":90,"date":"2023-08-18T17:36:59","date_gmt":"2023-08-18T15:36:59","guid":{"rendered":"https:\/\/skola7.sigulda.lv\/?page_id=90"},"modified":"2023-08-22T11:28:16","modified_gmt":"2023-08-22T09:28:16","slug":"citi-dokumenti","status":"publish","type":"page","link":"https:\/\/skola7.sigulda.lv\/index.php\/citi-dokumenti\/","title":{"rendered":"Citi dokumenti"},"content":{"rendered":"\n<div class=\"wp-block-file\"><a id=\"wp-block-file--media-19704473-0e56-495c-8656-3dc6f166b6d6\" href=\"blob:https:\/\/skola7.sigulda.lv\/d80fae06-6c3c-44b9-97df-200a4dce4eb9\">Personas datu aizsardz\u012bbas k\u0101rt\u012bba.pdf<\/a><a href=\"blob:https:\/\/skola7.sigulda.lv\/d80fae06-6c3c-44b9-97df-200a4dce4eb9\" class=\"wp-block-file__button wp-element-button\" download aria-describedby=\"wp-block-file--media-19704473-0e56-495c-8656-3dc6f166b6d6\">Lejupiel\u0101d\u0113t<\/a><\/div>\n\n\n\n<div data-wp-interactive=\"core\/file\" class=\"wp-block-file\"><object data-wp-bind--hidden=\"!state.hasPdfPreview\" hidden class=\"wp-block-file__embed\" data=\"https:\/\/skola7.sigulda.lv\/wp-content\/uploads\/2023\/08\/Noteikumi_par_izglitojamo_fotogrfesanu_un_filmesanu.pdf\" type=\"application\/pdf\" style=\"width:100%;height:600px\" aria-label=\"Iegult Noteikumi_par_izglitojamo_fotogrfesanu_un_filmesanu.\"><\/object><a id=\"wp-block-file--media-1864eeaf-284e-4e4a-b647-4404d2e0afb5\" href=\"https:\/\/skola7.sigulda.lv\/wp-content\/uploads\/2023\/08\/Noteikumi_par_izglitojamo_fotogrfesanu_un_filmesanu.pdf\">Noteikumi_par_izglitojamo_fotogrfesanu_un_filmesanu<\/a><a href=\"https:\/\/skola7.sigulda.lv\/wp-content\/uploads\/2023\/08\/Noteikumi_par_izglitojamo_fotogrfesanu_un_filmesanu.pdf\" class=\"wp-block-file__button wp-element-button\" download aria-describedby=\"wp-block-file--media-1864eeaf-284e-4e4a-b647-4404d2e0afb5\">Lejupiel\u0101d\u0113t<\/a><\/div>\n","protected":false},"excerpt":{"rendered":"","protected":false},"author":2,"featured_media":0,"parent":0,"menu_order":0,"comment_status":"closed","ping_status":"closed","template":"","meta":{"footnotes":""},"class_list":["post-90","page","type-page","status-publish"],"_links":{"self":[{"href":"https:\/\/skola7.sigulda.lv\/index.php\/wp-json\/wp\/v2\/pages\/90","targetHints":{"allow":["GET"]}}],"collection":[{"href":"https:\/\/skola7.sigulda.lv\/index.php\/wp-json\/wp\/v2\/pages"}],"about":[{"href":"https:\/\/skola7.sigulda.lv\/index.php\/wp-json\/wp\/v2\/types\/page"}],"author":[{"embeddable":true,"href":"https:\/\/skola7.sigulda.lv\/index.php\/wp-json\/wp\/v2\/users\/2"}],"replies":[{"embeddable":true,"href":"https:\/\/skola7.sigulda.lv\/index.php\/wp-json\/wp\/v2\/comments?post=90"}],"version-history":[{"count":3,"href":"https:\/\/skola7.sigulda.lv\/index.php\/wp-json\/wp\/v2\/pages\/90\/revisions"}],"predecessor-version":[{"id":322,"href":"https:\/\/skola7.sigulda.lv\/index.php\/wp-json\/wp\/v2\/pages\/90\/revisions\/322"}],"wp:attachment":[{"href":"https:\/\/skola7.sigulda.lv\/index.php\/wp-json\/wp\/v2\/media?parent=90"}],"curies":[{"name":"wp","href":"https:\/\/api.w.org\/{rel}","templated":true}]}}